{"id":1024,"date":"2016-08-01T13:34:23","date_gmt":"2016-08-01T13:34:23","guid":{"rendered":"http:\/\/snailtrading.com\/fr\/?page_id=1024"},"modified":"2017-04-28T10:25:50","modified_gmt":"2017-04-28T07:25:50","slug":"la-technique-du-rideau","status":"publish","type":"page","link":"https:\/\/snailtrading.com\/fr\/la-technique-du-rideau\/","title":{"rendered":"Technique du rideau"},"content":{"rendered":"<p><strong>Touchstone Snails innove une nouvelle fois en pr\u00e9sentant une nouvelle technique d\u2019\u00e9levage d\u2019escargots, la technique du rideau. <\/strong><\/p>\n<p><strong>\u00a0<\/strong>La technique du rideau dans un \u00e9levage d\u2019escargots pr\u00e9sente plusieurs avantages concernant la meilleure gestion de l\u2019escargot et l\u2019hygi\u00e8ne des lieux.<\/p>\n<p>\\<a href=\"http:\/\/snailtrading.com\/wp-content\/uploads\/2016\/07\/17522279_1306341179454146_1386795345_o-1024x768.jpg\" data-rel=\"lightbox-image-0\" data-rl_title=\"\" data-rl_caption=\"\" title=\"\"><img loading=\"lazy\" decoding=\"async\" class=\"alignnone img-responsive wp-image-1388\" src=\"http:\/\/snailtrading.com\/wp-content\/uploads\/2016\/07\/17522279_1306341179454146_1386795345_o-1024x768.jpg\" alt=\"\" width=\"800\" height=\"600\" srcset=\"https:\/\/snailtrading.com\/wp-content\/uploads\/2016\/07\/17522279_1306341179454146_1386795345_o-1024x768.jpg 1024w, https:\/\/snailtrading.com\/wp-content\/uploads\/2016\/07\/17522279_1306341179454146_1386795345_o-1024x768-300x225.jpg 300w, https:\/\/snailtrading.com\/wp-content\/uploads\/2016\/07\/17522279_1306341179454146_1386795345_o-1024x768-768x576.jpg 768w\" sizes=\"auto, (max-width: 800px) 100vw, 800px\" \/><\/a><\/p>\n<p>Plus pr\u00e9cis\u00e9ment, avec cette technique les excr\u00e9ments des escargots tombent par terre et ainsi n\u2019entrent pas en contact avec les escargots. De plus, on assure une a\u00e9ration satisfaisante exig\u00e9e afin d\u2019\u00e9viter la propagation des maladies. En outre, la technique du rideau n\u2019affecte point le cycle de vie de l\u2019escargot. L\u2019escargot n\u2019a pas besoin de se trouver en position horizontale, au contraire il peut bouger, accoupler ou dormir aussi bien, qu\u2019il soit en position verticale ou \u00e0 l\u2019envers.<\/p>\n<p>Un autre point important est qu\u2019elle aide l\u2019\u00e9leveur \u00e0 effectuer ses contr\u00f4les et ses t\u00e2ches quotidiennes beaucoup plus facilement. Il peut \u00e0 tout moment voir tous les escargots sans les d\u00e9ranger et sans avoir \u00e0 se pencher pour soulever les palettes.<\/p>\n<p><a href=\"http:\/\/snailtrading.com\/wp-content\/uploads\/2016\/07\/17837089_1306341066120824_1455473418_o-1024x768.jpg\" data-rel=\"lightbox-image-1\" data-rl_title=\"\" data-rl_caption=\"\" title=\"\"><img loading=\"lazy\" decoding=\"async\" class=\"alignnone img-responsive wp-image-1389\" src=\"http:\/\/snailtrading.com\/wp-content\/uploads\/2016\/07\/17837089_1306341066120824_1455473418_o-1024x768.jpg\" alt=\"\" width=\"800\" height=\"600\" srcset=\"https:\/\/snailtrading.com\/wp-content\/uploads\/2016\/07\/17837089_1306341066120824_1455473418_o-1024x768.jpg 1024w, https:\/\/snailtrading.com\/wp-content\/uploads\/2016\/07\/17837089_1306341066120824_1455473418_o-1024x768-300x225.jpg 300w, https:\/\/snailtrading.com\/wp-content\/uploads\/2016\/07\/17837089_1306341066120824_1455473418_o-1024x768-768x576.jpg 768w\" sizes=\"auto, (max-width: 800px) 100vw, 800px\" \/><\/a><\/p>\n<p>De cette mani\u00e8re, nous avons une image claire du stade des f\u00e9condations, des naissances, de la croissance et de la production d\u2019escargots. De plus, les escargots morts qui doivent \u00eatre enlev\u00e9s quotidiennement afin d\u2019avoir un \u00e9levage propre sont rep\u00e9r\u00e9s et \u00e9loign\u00e9s plus facilement.<\/p>\n<p>La technique du rideau simplifie le ramassage puisque nous ne sommes pas oblig\u00e9s de se pencher comme nous l\u2019aurions fait avec l\u2019utilisation d\u2019une palette.<\/p>\n<p>D\u2019apr\u00e8s notre exp\u00e9rience, l\u2019\u00e9levage d\u2019escargots avec la technique du rideau pr\u00e9sente sans doute des avantages concernant non seulement l\u2019hygi\u00e8ne mais aussi la simplification des t\u00e2ches.<\/p>\n<p>Le seul inconv\u00e9nient qui pourrait \u00eatre mentionn\u00e9 est celui du co\u00fbt de construction, plus \u00e9lev\u00e9 que les autres techniques d\u2019\u00e9levage. Il faut cependant tenir en compte que nous n\u2019avons besoin que d\u2019un cinqui\u00e8me du terrain agricole puisque l\u2019\u00e9levage d\u2019escargots avec la technique rideau multiplie par cinq le lieu d\u2019\u00e9levage. Une superficie de 1000 m\u00e8tres carr\u00e9s nous donne un \u00e9levage de 5 hectares. Nous voyons donc que l\u2019argent suppl\u00e9mentaire est vite amorti.<\/p>\n<p><a href=\"http:\/\/snailtrading.com\/wp-content\/uploads\/2016\/07\/2017-03-13-07.51.14-800x600.jpg\" data-rel=\"lightbox-image-2\" data-rl_title=\"\" data-rl_caption=\"\" title=\"\"><img loading=\"lazy\" decoding=\"async\" class=\"alignnone wp-image-1391 img-responsive size-full\" src=\"http:\/\/snailtrading.com\/wp-content\/uploads\/2016\/07\/2017-03-13-07.51.14-800x600.jpg\" alt=\"\" width=\"800\" height=\"450\" srcset=\"https:\/\/snailtrading.com\/wp-content\/uploads\/2016\/07\/2017-03-13-07.51.14-800x600.jpg 800w, https:\/\/snailtrading.com\/wp-content\/uploads\/2016\/07\/2017-03-13-07.51.14-800x600-300x169.jpg 300w, https:\/\/snailtrading.com\/wp-content\/uploads\/2016\/07\/2017-03-13-07.51.14-800x600-768x432.jpg 768w\" sizes=\"auto, (max-width: 800px) 100vw, 800px\" \/><\/a><\/p>\n<p><strong>En respectant de mani\u00e8re fid\u00e8le les savoir-faire de Touchstone Snails vous pouvez \u00e0 partir d\u2019une superficie de 1000 m\u00e8tres carr\u00e9s avoir un rendement qui d\u00e9passe les 26,000 kilos. <\/strong><\/p>\n<p>&nbsp;<\/p>\n","protected":false},"excerpt":{"rendered":"<p>Touchstone Snails innove une nouvelle fois en pr\u00e9sentant une nouvelle technique d\u2019\u00e9levage d\u2019escargots, la technique du rideau. \u00a0La technique du rideau dans un \u00e9levage d\u2019escargots pr\u00e9sente plusieurs avantages concernant la meilleure gestion de l\u2019escargot et l\u2019hygi\u00e8ne des lieux. \\ Plus pr\u00e9cis\u00e9ment, avec cette technique les excr\u00e9ments des escargots tombent par terre et ainsi n\u2019entrent pas&#8230;<\/p>\n","protected":false},"author":2,"featured_media":2427,"parent":0,"menu_order":0,"comment_status":"closed","ping_status":"closed","template":"templates\/contact.php","meta":{"_acf_changed":false,"footnotes":""},"class_list":["post-1024","page","type-page","status-publish","has-post-thumbnail","hentry"],"acf":[],"yoast_head":"<!-- This site is optimized with the Yoast SEO plugin v24.1 - https:\/\/yoast.com\/wordpress\/plugins\/seo\/ -->\n<title>Technique du rideau - Snail Farming Investment<\/title>\n<meta name=\"description\" content=\"Touchstone Snails innove une nouvelle fois en pr\u00e9sentant une nouvelle technique d\u2019\u00e9levage d\u2019escargots, la technique du rideau.\" \/>\n<meta name=\"robots\" content=\"index, follow, max-snippet:-1, max-image-preview:large, max-video-preview:-1\" \/>\n<link rel=\"canonical\" href=\"https:\/\/snailtrading.com\/fr\/la-technique-du-rideau\/\" \/>\n<meta property=\"og:locale\" content=\"fr_FR\" \/>\n<meta property=\"og:type\" content=\"article\" \/>\n<meta property=\"og:title\" content=\"Technique du rideau - Snail Farming Investment\" \/>\n<meta property=\"og:description\" content=\"Touchstone Snails innove une nouvelle fois en pr\u00e9sentant une nouvelle technique d\u2019\u00e9levage d\u2019escargots, la technique du rideau.\" \/>\n<meta property=\"og:url\" content=\"https:\/\/snailtrading.com\/fr\/la-technique-du-rideau\/\" \/>\n<meta property=\"og:site_name\" content=\"Snail Farming Investment\" \/>\n<meta property=\"article:modified_time\" content=\"2017-04-28T07:25:50+00:00\" \/>\n<meta property=\"og:image\" content=\"https:\/\/snailtrading.com\/wp-content\/uploads\/2016\/07\/8.jpg\" \/>\n\t<meta property=\"og:image:width\" content=\"1440\" \/>\n\t<meta property=\"og:image:height\" content=\"480\" \/>\n\t<meta property=\"og:image:type\" content=\"image\/jpeg\" \/>\n<meta name=\"twitter:card\" content=\"summary_large_image\" \/>\n<meta name=\"twitter:label1\" content=\"Dur\u00e9e de lecture estim\u00e9e\" \/>\n\t<meta name=\"twitter:data1\" content=\"2 minutes\" \/>\n<script type=\"application\/ld+json\" class=\"yoast-schema-graph\">{\"@context\":\"https:\/\/schema.org\",\"@graph\":[{\"@type\":\"WebPage\",\"@id\":\"https:\/\/snailtrading.com\/fr\/la-technique-du-rideau\/\",\"url\":\"https:\/\/snailtrading.com\/fr\/la-technique-du-rideau\/\",\"name\":\"Technique du rideau - Snail Farming Investment\",\"isPartOf\":{\"@id\":\"https:\/\/snailtrading.com\/#website\"},\"primaryImageOfPage\":{\"@id\":\"https:\/\/snailtrading.com\/fr\/la-technique-du-rideau\/#primaryimage\"},\"image\":{\"@id\":\"https:\/\/snailtrading.com\/fr\/la-technique-du-rideau\/#primaryimage\"},\"thumbnailUrl\":\"https:\/\/snailtrading.com\/wp-content\/uploads\/2026\/04\/3-1.jpg\",\"datePublished\":\"2016-08-01T13:34:23+00:00\",\"dateModified\":\"2017-04-28T07:25:50+00:00\",\"description\":\"Touchstone Snails innove une nouvelle fois en pr\u00e9sentant une nouvelle technique d\u2019\u00e9levage d\u2019escargots, la technique du rideau.\",\"breadcrumb\":{\"@id\":\"https:\/\/snailtrading.com\/fr\/la-technique-du-rideau\/#breadcrumb\"},\"inLanguage\":\"fr-FR\",\"potentialAction\":[{\"@type\":\"ReadAction\",\"target\":[\"https:\/\/snailtrading.com\/fr\/la-technique-du-rideau\/\"]}]},{\"@type\":\"ImageObject\",\"inLanguage\":\"fr-FR\",\"@id\":\"https:\/\/snailtrading.com\/fr\/la-technique-du-rideau\/#primaryimage\",\"url\":\"https:\/\/snailtrading.com\/wp-content\/uploads\/2026\/04\/3-1.jpg\",\"contentUrl\":\"https:\/\/snailtrading.com\/wp-content\/uploads\/2026\/04\/3-1.jpg\",\"width\":1440,\"height\":480},{\"@type\":\"BreadcrumbList\",\"@id\":\"https:\/\/snailtrading.com\/fr\/la-technique-du-rideau\/#breadcrumb\",\"itemListElement\":[{\"@type\":\"ListItem\",\"position\":1,\"name\":\"Home\",\"item\":\"https:\/\/snailtrading.com\/fr\/\"},{\"@type\":\"ListItem\",\"position\":2,\"name\":\"Technique du rideau\"}]},{\"@type\":\"WebSite\",\"@id\":\"https:\/\/snailtrading.com\/#website\",\"url\":\"https:\/\/snailtrading.com\/\",\"name\":\"Snail Farming Investment\",\"description\":\"Just another WordPress site\",\"potentialAction\":[{\"@type\":\"SearchAction\",\"target\":{\"@type\":\"EntryPoint\",\"urlTemplate\":\"https:\/\/snailtrading.com\/?s={search_term_string}\"},\"query-input\":{\"@type\":\"PropertyValueSpecification\",\"valueRequired\":true,\"valueName\":\"search_term_string\"}}],\"inLanguage\":\"fr-FR\"}]}<\/script>\n<!-- \/ Yoast SEO plugin. -->","yoast_head_json":{"title":"Technique du rideau - Snail Farming Investment","description":"Touchstone Snails innove une nouvelle fois en pr\u00e9sentant une nouvelle technique d\u2019\u00e9levage d\u2019escargots, la technique du rideau.","robots":{"index":"index","follow":"follow","max-snippet":"max-snippet:-1","max-image-preview":"max-image-preview:large","max-video-preview":"max-video-preview:-1"},"canonical":"https:\/\/snailtrading.com\/fr\/la-technique-du-rideau\/","og_locale":"fr_FR","og_type":"article","og_title":"Technique du rideau - Snail Farming Investment","og_description":"Touchstone Snails innove une nouvelle fois en pr\u00e9sentant une nouvelle technique d\u2019\u00e9levage d\u2019escargots, la technique du rideau.","og_url":"https:\/\/snailtrading.com\/fr\/la-technique-du-rideau\/","og_site_name":"Snail Farming Investment","article_modified_time":"2017-04-28T07:25:50+00:00","og_image":[{"width":1440,"height":480,"url":"https:\/\/snailtrading.com\/wp-content\/uploads\/2016\/07\/8.jpg","type":"image\/jpeg"}],"twitter_card":"summary_large_image","twitter_misc":{"Dur\u00e9e de lecture estim\u00e9e":"2 minutes"},"schema":{"@context":"https:\/\/schema.org","@graph":[{"@type":"WebPage","@id":"https:\/\/snailtrading.com\/fr\/la-technique-du-rideau\/","url":"https:\/\/snailtrading.com\/fr\/la-technique-du-rideau\/","name":"Technique du rideau - Snail Farming Investment","isPartOf":{"@id":"https:\/\/snailtrading.com\/#website"},"primaryImageOfPage":{"@id":"https:\/\/snailtrading.com\/fr\/la-technique-du-rideau\/#primaryimage"},"image":{"@id":"https:\/\/snailtrading.com\/fr\/la-technique-du-rideau\/#primaryimage"},"thumbnailUrl":"https:\/\/snailtrading.com\/wp-content\/uploads\/2026\/04\/3-1.jpg","datePublished":"2016-08-01T13:34:23+00:00","dateModified":"2017-04-28T07:25:50+00:00","description":"Touchstone Snails innove une nouvelle fois en pr\u00e9sentant une nouvelle technique d\u2019\u00e9levage d\u2019escargots, la technique du rideau.","breadcrumb":{"@id":"https:\/\/snailtrading.com\/fr\/la-technique-du-rideau\/#breadcrumb"},"inLanguage":"fr-FR","potentialAction":[{"@type":"ReadAction","target":["https:\/\/snailtrading.com\/fr\/la-technique-du-rideau\/"]}]},{"@type":"ImageObject","inLanguage":"fr-FR","@id":"https:\/\/snailtrading.com\/fr\/la-technique-du-rideau\/#primaryimage","url":"https:\/\/snailtrading.com\/wp-content\/uploads\/2026\/04\/3-1.jpg","contentUrl":"https:\/\/snailtrading.com\/wp-content\/uploads\/2026\/04\/3-1.jpg","width":1440,"height":480},{"@type":"BreadcrumbList","@id":"https:\/\/snailtrading.com\/fr\/la-technique-du-rideau\/#breadcrumb","itemListElement":[{"@type":"ListItem","position":1,"name":"Home","item":"https:\/\/snailtrading.com\/fr\/"},{"@type":"ListItem","position":2,"name":"Technique du rideau"}]},{"@type":"WebSite","@id":"https:\/\/snailtrading.com\/#website","url":"https:\/\/snailtrading.com\/","name":"Snail Farming Investment","description":"Just another WordPress site","potentialAction":[{"@type":"SearchAction","target":{"@type":"EntryPoint","urlTemplate":"https:\/\/snailtrading.com\/?s={search_term_string}"},"query-input":{"@type":"PropertyValueSpecification","valueRequired":true,"valueName":"search_term_string"}}],"inLanguage":"fr-FR"}]}},"_links":{"self":[{"href":"https:\/\/snailtrading.com\/fr\/wp-json\/wp\/v2\/pages\/1024","targetHints":{"allow":["GET"]}}],"collection":[{"href":"https:\/\/snailtrading.com\/fr\/wp-json\/wp\/v2\/pages"}],"about":[{"href":"https:\/\/snailtrading.com\/fr\/wp-json\/wp\/v2\/types\/page"}],"author":[{"embeddable":true,"href":"https:\/\/snailtrading.com\/fr\/wp-json\/wp\/v2\/users\/2"}],"replies":[{"embeddable":true,"href":"https:\/\/snailtrading.com\/fr\/wp-json\/wp\/v2\/comments?post=1024"}],"version-history":[{"count":0,"href":"https:\/\/snailtrading.com\/fr\/wp-json\/wp\/v2\/pages\/1024\/revisions"}],"wp:featuredmedia":[{"embeddable":true,"href":"https:\/\/snailtrading.com\/fr\/wp-json\/wp\/v2\/media\/2427"}],"wp:attachment":[{"href":"https:\/\/snailtrading.com\/fr\/wp-json\/wp\/v2\/media?parent=1024"}],"curies":[{"name":"wp","href":"https:\/\/api.w.org\/{rel}","templated":true}]}}