{"id":1100,"date":"2015-08-23T14:51:42","date_gmt":"2015-08-23T14:51:42","guid":{"rendered":"http:\/\/snailtrading.com\/fr\/about-us\/"},"modified":"2020-01-23T08:25:33","modified_gmt":"2020-01-23T05:25:33","slug":"la-societe","status":"publish","type":"page","link":"https:\/\/snailtrading.com\/fr\/la-societe\/","title":{"rendered":"LA SOCI\u00c9T\u00c9"},"content":{"rendered":"<h3>Touchstone Snail Technologies Limited<\/h3>\n<p>Touchstone Snail Technologies Limited est une soci\u00e9t\u00e9 priv\u00e9e enregistr\u00e9e \u00e0 Chypre, b\u00e9n\u00e9ficiant d\u2019une exp\u00e9rience de plus de 15 ans. Ayant acquis des connaissances acad\u00e9miques de haut niveau, elle offre des services de consultation \u00e0 toute personne d\u00e9sirant un investissement rentable celui de l\u2019\u00e9levage d\u2019escargots.\u00a0 Touchstone Snail Technologies Limited, du haut de son exp\u00e9rience et de ses connaissances de ces 15 derni\u00e8res ann\u00e9es a r\u00e9ussi \u00e0 fournir des services les plus modernes ainsi que des services sp\u00e9cialis\u00e9s de consultation dans le domaine de l\u2019h\u00e9liciculture.<\/p>\n<p>Plus pr\u00e9cis\u00e9ment, elle offre des services de consultation pour la conception, la construction et la gestion de l\u2019unit\u00e9 ainsi que pour l&#8217;\u00e9levage des escargots durant tout le cycle \u00a0de production en utilisant la m\u00e9thode du rideau. Elle prend \u00e9galement en charge l\u2019achat de la totalit\u00e9 de la production des \u00e9leveurs pour la mettre ensuite en vente au meilleur prix du march\u00e9.<\/p>\n<p>&nbsp;<\/p>\n<p>Monsieur Evangelos Evangelou, fondateur et directeur g\u00e9n\u00e9ral de la soci\u00e9t\u00e9, s\u2019occupe depuis 1989 de l\u2019\u00e9tude et de la recherche de l\u2019\u00e9levage d\u2019escargots.<\/p>\n<p>Aujourd\u2019hui, Touchstone Snail Technologies Limited, compte une client\u00e8le importante parmi laquelle \u00a0\u00e0 qui elle fournit des services de consultation pour l\u2019h\u00e9liculture et assure en m\u00eame temps l\u2019\u00e9coulement de leur production.<\/p>\n<p>&nbsp;<\/p>\n","protected":false},"excerpt":{"rendered":"<p>Touchstone Snail Technologies Limited Touchstone Snail Technologies Limited est une soci\u00e9t\u00e9 priv\u00e9e enregistr\u00e9e \u00e0 Chypre, b\u00e9n\u00e9ficiant d\u2019une exp\u00e9rience de plus de 15 ans. Ayant acquis des connaissances acad\u00e9miques de haut niveau, elle offre des services de consultation \u00e0 toute personne d\u00e9sirant un investissement rentable celui de l\u2019\u00e9levage d\u2019escargots.\u00a0 Touchstone Snail Technologies Limited, du haut de&#8230;<\/p>\n","protected":false},"author":2,"featured_media":635,"parent":0,"menu_order":0,"comment_status":"closed","ping_status":"closed","template":"templates\/contact.php","meta":{"_acf_changed":false,"footnotes":""},"class_list":["post-1100","page","type-page","status-publish","has-post-thumbnail","hentry"],"acf":[],"yoast_head":"<!-- This site is optimized with the Yoast SEO plugin v24.1 - https:\/\/yoast.com\/wordpress\/plugins\/seo\/ -->\n<title>LA SOCI\u00c9T\u00c9 | Touchstone Snail Technologies Limited<\/title>\n<meta name=\"description\" content=\"Touchstone Snail Technologies Limited est une soci\u00e9t\u00e9 priv\u00e9e enregistr\u00e9e \u00e0 Chypre, b\u00e9n\u00e9ficiant d\u2019une exp\u00e9rience de plus de 15 ans.\" \/>\n<meta name=\"robots\" content=\"index, follow, max-snippet:-1, max-image-preview:large, max-video-preview:-1\" \/>\n<link rel=\"canonical\" href=\"https:\/\/snailtrading.com\/fr\/la-societe\/\" \/>\n<meta property=\"og:locale\" content=\"fr_FR\" \/>\n<meta property=\"og:type\" content=\"article\" \/>\n<meta property=\"og:title\" content=\"LA SOCI\u00c9T\u00c9 | Touchstone Snail Technologies Limited\" \/>\n<meta property=\"og:description\" content=\"Touchstone Snail Technologies Limited est une soci\u00e9t\u00e9 priv\u00e9e enregistr\u00e9e \u00e0 Chypre, b\u00e9n\u00e9ficiant d\u2019une exp\u00e9rience de plus de 15 ans.\" \/>\n<meta property=\"og:url\" content=\"https:\/\/snailtrading.com\/fr\/la-societe\/\" \/>\n<meta property=\"og:site_name\" content=\"Snail Farming Investment\" \/>\n<meta property=\"article:modified_time\" content=\"2020-01-23T05:25:33+00:00\" \/>\n<meta property=\"og:image\" content=\"https:\/\/snailtrading.com\/wp-content\/uploads\/2015\/08\/4.jpg\" \/>\n\t<meta property=\"og:image:width\" content=\"1440\" \/>\n\t<meta property=\"og:image:height\" content=\"480\" \/>\n\t<meta property=\"og:image:type\" content=\"image\/jpeg\" \/>\n<meta name=\"twitter:card\" content=\"summary_large_image\" \/>\n<meta name=\"twitter:label1\" content=\"Dur\u00e9e de lecture estim\u00e9e\" \/>\n\t<meta name=\"twitter:data1\" content=\"1 minute\" \/>\n<script type=\"application\/ld+json\" class=\"yoast-schema-graph\">{\"@context\":\"https:\/\/schema.org\",\"@graph\":[{\"@type\":\"WebPage\",\"@id\":\"https:\/\/snailtrading.com\/fr\/la-societe\/\",\"url\":\"https:\/\/snailtrading.com\/fr\/la-societe\/\",\"name\":\"LA SOCI\u00c9T\u00c9 | Touchstone Snail Technologies Limited\",\"isPartOf\":{\"@id\":\"https:\/\/snailtrading.com\/#website\"},\"primaryImageOfPage\":{\"@id\":\"https:\/\/snailtrading.com\/fr\/la-societe\/#primaryimage\"},\"image\":{\"@id\":\"https:\/\/snailtrading.com\/fr\/la-societe\/#primaryimage\"},\"thumbnailUrl\":\"https:\/\/snailtrading.com\/wp-content\/uploads\/2015\/08\/4.jpg\",\"datePublished\":\"2015-08-23T14:51:42+00:00\",\"dateModified\":\"2020-01-23T05:25:33+00:00\",\"description\":\"Touchstone Snail Technologies Limited est une soci\u00e9t\u00e9 priv\u00e9e enregistr\u00e9e \u00e0 Chypre, b\u00e9n\u00e9ficiant d\u2019une exp\u00e9rience de plus de 15 ans.\",\"breadcrumb\":{\"@id\":\"https:\/\/snailtrading.com\/fr\/la-societe\/#breadcrumb\"},\"inLanguage\":\"fr-FR\",\"potentialAction\":[{\"@type\":\"ReadAction\",\"target\":[\"https:\/\/snailtrading.com\/fr\/la-societe\/\"]}]},{\"@type\":\"ImageObject\",\"inLanguage\":\"fr-FR\",\"@id\":\"https:\/\/snailtrading.com\/fr\/la-societe\/#primaryimage\",\"url\":\"https:\/\/snailtrading.com\/wp-content\/uploads\/2015\/08\/4.jpg\",\"contentUrl\":\"https:\/\/snailtrading.com\/wp-content\/uploads\/2015\/08\/4.jpg\",\"width\":1440,\"height\":480},{\"@type\":\"BreadcrumbList\",\"@id\":\"https:\/\/snailtrading.com\/fr\/la-societe\/#breadcrumb\",\"itemListElement\":[{\"@type\":\"ListItem\",\"position\":1,\"name\":\"Home\",\"item\":\"https:\/\/snailtrading.com\/fr\/\"},{\"@type\":\"ListItem\",\"position\":2,\"name\":\"LA SOCI\u00c9T\u00c9\"}]},{\"@type\":\"WebSite\",\"@id\":\"https:\/\/snailtrading.com\/#website\",\"url\":\"https:\/\/snailtrading.com\/\",\"name\":\"Snail Farming Investment\",\"description\":\"Just another WordPress site\",\"potentialAction\":[{\"@type\":\"SearchAction\",\"target\":{\"@type\":\"EntryPoint\",\"urlTemplate\":\"https:\/\/snailtrading.com\/?s={search_term_string}\"},\"query-input\":{\"@type\":\"PropertyValueSpecification\",\"valueRequired\":true,\"valueName\":\"search_term_string\"}}],\"inLanguage\":\"fr-FR\"}]}<\/script>\n<!-- \/ Yoast SEO plugin. -->","yoast_head_json":{"title":"LA SOCI\u00c9T\u00c9 | Touchstone Snail Technologies Limited","description":"Touchstone Snail Technologies Limited est une soci\u00e9t\u00e9 priv\u00e9e enregistr\u00e9e \u00e0 Chypre, b\u00e9n\u00e9ficiant d\u2019une exp\u00e9rience de plus de 15 ans.","robots":{"index":"index","follow":"follow","max-snippet":"max-snippet:-1","max-image-preview":"max-image-preview:large","max-video-preview":"max-video-preview:-1"},"canonical":"https:\/\/snailtrading.com\/fr\/la-societe\/","og_locale":"fr_FR","og_type":"article","og_title":"LA SOCI\u00c9T\u00c9 | Touchstone Snail Technologies Limited","og_description":"Touchstone Snail Technologies Limited est une soci\u00e9t\u00e9 priv\u00e9e enregistr\u00e9e \u00e0 Chypre, b\u00e9n\u00e9ficiant d\u2019une exp\u00e9rience de plus de 15 ans.","og_url":"https:\/\/snailtrading.com\/fr\/la-societe\/","og_site_name":"Snail Farming Investment","article_modified_time":"2020-01-23T05:25:33+00:00","og_image":[{"width":1440,"height":480,"url":"https:\/\/snailtrading.com\/wp-content\/uploads\/2015\/08\/4.jpg","type":"image\/jpeg"}],"twitter_card":"summary_large_image","twitter_misc":{"Dur\u00e9e de lecture estim\u00e9e":"1 minute"},"schema":{"@context":"https:\/\/schema.org","@graph":[{"@type":"WebPage","@id":"https:\/\/snailtrading.com\/fr\/la-societe\/","url":"https:\/\/snailtrading.com\/fr\/la-societe\/","name":"LA SOCI\u00c9T\u00c9 | Touchstone Snail Technologies Limited","isPartOf":{"@id":"https:\/\/snailtrading.com\/#website"},"primaryImageOfPage":{"@id":"https:\/\/snailtrading.com\/fr\/la-societe\/#primaryimage"},"image":{"@id":"https:\/\/snailtrading.com\/fr\/la-societe\/#primaryimage"},"thumbnailUrl":"https:\/\/snailtrading.com\/wp-content\/uploads\/2015\/08\/4.jpg","datePublished":"2015-08-23T14:51:42+00:00","dateModified":"2020-01-23T05:25:33+00:00","description":"Touchstone Snail Technologies Limited est une soci\u00e9t\u00e9 priv\u00e9e enregistr\u00e9e \u00e0 Chypre, b\u00e9n\u00e9ficiant d\u2019une exp\u00e9rience de plus de 15 ans.","breadcrumb":{"@id":"https:\/\/snailtrading.com\/fr\/la-societe\/#breadcrumb"},"inLanguage":"fr-FR","potentialAction":[{"@type":"ReadAction","target":["https:\/\/snailtrading.com\/fr\/la-societe\/"]}]},{"@type":"ImageObject","inLanguage":"fr-FR","@id":"https:\/\/snailtrading.com\/fr\/la-societe\/#primaryimage","url":"https:\/\/snailtrading.com\/wp-content\/uploads\/2015\/08\/4.jpg","contentUrl":"https:\/\/snailtrading.com\/wp-content\/uploads\/2015\/08\/4.jpg","width":1440,"height":480},{"@type":"BreadcrumbList","@id":"https:\/\/snailtrading.com\/fr\/la-societe\/#breadcrumb","itemListElement":[{"@type":"ListItem","position":1,"name":"Home","item":"https:\/\/snailtrading.com\/fr\/"},{"@type":"ListItem","position":2,"name":"LA SOCI\u00c9T\u00c9"}]},{"@type":"WebSite","@id":"https:\/\/snailtrading.com\/#website","url":"https:\/\/snailtrading.com\/","name":"Snail Farming Investment","description":"Just another WordPress site","potentialAction":[{"@type":"SearchAction","target":{"@type":"EntryPoint","urlTemplate":"https:\/\/snailtrading.com\/?s={search_term_string}"},"query-input":{"@type":"PropertyValueSpecification","valueRequired":true,"valueName":"search_term_string"}}],"inLanguage":"fr-FR"}]}},"_links":{"self":[{"href":"https:\/\/snailtrading.com\/fr\/wp-json\/wp\/v2\/pages\/1100","targetHints":{"allow":["GET"]}}],"collection":[{"href":"https:\/\/snailtrading.com\/fr\/wp-json\/wp\/v2\/pages"}],"about":[{"href":"https:\/\/snailtrading.com\/fr\/wp-json\/wp\/v2\/types\/page"}],"author":[{"embeddable":true,"href":"https:\/\/snailtrading.com\/fr\/wp-json\/wp\/v2\/users\/2"}],"replies":[{"embeddable":true,"href":"https:\/\/snailtrading.com\/fr\/wp-json\/wp\/v2\/comments?post=1100"}],"version-history":[{"count":0,"href":"https:\/\/snailtrading.com\/fr\/wp-json\/wp\/v2\/pages\/1100\/revisions"}],"wp:featuredmedia":[{"embeddable":true,"href":"https:\/\/snailtrading.com\/fr\/wp-json\/wp\/v2\/media\/635"}],"wp:attachment":[{"href":"https:\/\/snailtrading.com\/fr\/wp-json\/wp\/v2\/media?parent=1100"}],"curies":[{"name":"wp","href":"https:\/\/api.w.org\/{rel}","templated":true}]}}