{"id":925,"date":"2016-06-30T13:11:13","date_gmt":"2016-06-30T13:11:13","guid":{"rendered":"http:\/\/snailtrading.com\/fr\/diatrofiki-axia\/"},"modified":"2016-08-26T10:00:58","modified_gmt":"2016-08-26T10:00:58","slug":"valeur-nutritionnelle","status":"publish","type":"page","link":"https:\/\/snailtrading.com\/fr\/valeur-nutritionnelle\/","title":{"rendered":"Valeur nutritionnelle"},"content":{"rendered":"<p><img loading=\"lazy\" decoding=\"async\" width=\"4961\" height=\"2467\" class=\"aligncenter img-responsive wp-image-1093\" src=\"http:\/\/snailtrading.com\/wp-content\/uploads\/2016\/06\/DIATROFIKI-AKSIA-SNAIL.jpg\" alt=\"DIATROFIKI AKSIA SNAIL\" srcset=\"https:\/\/snailtrading.com\/wp-content\/uploads\/2016\/06\/DIATROFIKI-AKSIA-SNAIL.jpg 4961w, https:\/\/snailtrading.com\/wp-content\/uploads\/2016\/06\/DIATROFIKI-AKSIA-SNAIL-300x149.jpg 300w, https:\/\/snailtrading.com\/wp-content\/uploads\/2016\/06\/DIATROFIKI-AKSIA-SNAIL-768x382.jpg 768w, https:\/\/snailtrading.com\/wp-content\/uploads\/2016\/06\/DIATROFIKI-AKSIA-SNAIL-1024x509.jpg 1024w\" sizes=\"auto, (max-width: 4961px) 100vw, 4961px\" \/><\/p>\n<p>L\u2019escargot est un excellent mets pour les fins gourmets du monde entier.<\/p>\n<p>Sa valeur nutritionnelle et gastronomique est de plus en plus appr\u00e9ci\u00e9e puisqu\u2019il concentre un taux \u00e9lev\u00e9 d\u2019\u00e9l\u00e9ments nutritifs inorganiques, des acides amin\u00e9s indispensables, des acides gras b\u00e9n\u00e9fiques pour la sant\u00e9 et en plus il est peu calorique. Des \u00e9tudes r\u00e9centes consid\u00e8rent la viande des escargots comme l\u2019un des facteurs nutritifs int\u00e9ressants du r\u00e9gime m\u00e9diterran\u00e9en.<\/p>\n<p><strong>Prot\u00e9ines\u00a0: <\/strong>La valeur calorique des escargots est de 750 calories par kilo de viande pr\u00eat \u00e0 consommer, c\u2019est-\u00e0-dire qu\u2019elle est plus faible que la viande de plusieurs poissons, oiseaux et mammif\u00e8res. La teneur en prot\u00e9ine est riche car elle repr\u00e9sente environ 15% du poids frais. Les glucides constituent 2% et le taux en graisses n\u2019est que de 1% du poids frais total. La teneur en eau est tr\u00e8s \u00e9lev\u00e9e et varie entre 75% &#8211; 89%.<\/p>\n<p><strong>Acides gras <\/strong><strong>\u03a9<\/strong><strong>3 \u2013 <\/strong><strong>\u03a9<\/strong><strong>6\u00a0: <\/strong>L\u2019analyse de la composition des lipides nous donne un taux assez \u00e9lev\u00e9 d\u2019acides gras polyinsatur\u00e9s. Plus pr\u00e9cis\u00e9ment, les acides gras satur\u00e9s repr\u00e9sentent 25%, les mono-insatur\u00e9s 18,55% et les polyinsatur\u00e9s le 18% qui reste. Parmi les polyinsatur\u00e9s, le taux des \u03a93\/\u03a96 varie entre 0,2 \u2013 2, ce qui est consid\u00e9r\u00e9 dans l\u2019alimentation moderne comme largement suffisant et que nous pouvons m\u00eame comparer avec celui des poissons (de 0,5 \u00e0 8).<\/p>\n<p>Soulignons que la graisse des escargots est tr\u00e8s bonne car elle fournit \u00e0 l\u2019organisme les acides gras \u03a93, qui sont dits essentiels car le corps humain ne sait pas les synth\u00e9tiser et par cons\u00e9quent, ils doivent \u00eatre apport\u00e9s par l\u2019alimentation. Ils sont b\u00e9n\u00e9fiques pour la sant\u00e9 parce qu\u2019ils limiteraient le risque de thrombose et d\u2019ath\u00e9roscl\u00e9rose et ils ont des effets anti-inflammatoires. Ils ont aussi des effets sur les allergies, la d\u00e9pression et d\u2019autres maladies du syst\u00e8me nerveux.<\/p>\n<p><img loading=\"lazy\" decoding=\"async\" width=\"782\" height=\"592\" class=\"alignnone img-responsive wp-image-379 \" src=\"http:\/\/snailtrading.com\/wp-content\/uploads\/2015\/08\/dsdssddd-2.jpg\" srcset=\"https:\/\/snailtrading.com\/wp-content\/uploads\/2015\/08\/dsdssddd-2.jpg 782w, https:\/\/snailtrading.com\/wp-content\/uploads\/2015\/08\/dsdssddd-2-300x227.jpg 300w, https:\/\/snailtrading.com\/wp-content\/uploads\/2015\/08\/dsdssddd-2-768x581.jpg 768w\" sizes=\"auto, (max-width: 782px) 100vw, 782px\" \/><\/p>\n<p><strong>M\u00e9taux \u2013 min\u00e9raux\u00a0: <\/strong>Quant aux min\u00e9raux (m\u00e9taux) la viande des escargots est une bonne source de calcium, phosphore, magn\u00e9sium, potassium et sodium. Certains chercheurs proposent la consommation d\u2019escargots comme une alternative au calcium et au phosphore, deux \u00e9l\u00e9ments tr\u00e8s importants pour le d\u00e9veloppement des os.<\/p>\n<p><strong>S\u00e9l\u00e9nium\u00a0: <\/strong>Quant aux oligo\u00e9l\u00e9ments, la viande de ces produits constitue une bonne source de s\u00e9l\u00e9nium (27,4mg\/100mg), offrant au consommateur 50% des apports journaliers conseill\u00e9s pour une femme adulte (qui est de 50mg par jour) et 1\/3 de cela pour l\u2019homme. Le s\u00e9l\u00e9nium a des effets antioxydants puissants qui prot\u00e8gent des maladies cardiovasculaires et du cancer (notamment celui de la prostate). Il contribue aussi au bon fonctionnement de la thyro\u00efde et du syst\u00e8me immunitaire.<\/p>\n<p><strong>Source de vitamines\u00a0: <\/strong>En plus de tout ce qui a \u00e9t\u00e9 ci-dessus, la chair des escargots constitue une source importante de vitamines. La niacine est une vitamine hydrosoluble du complexe B qui a des effets positifs sur le syst\u00e8me nerveux et le syst\u00e8me cardiovasculaire. Elle est particuli\u00e8rement stable et r\u00e9sistante \u00e0 la chaleur, la cuisson et le stockage d\u2019aliments. Leur viande contient 1,4mg\/100g de niacine et correspond \u00e0 une consommation de 50g de fromage et de 150g de yaourt, lentilles ou pommes de terre qui sont consid\u00e9r\u00e9s de bonnes sources de cette vitamine.<\/p>\n<p><strong>Cholest\u00e9rol\u00a0: <\/strong>De toutes les viandes, la chair de l\u2019escargot est la plus pauvre en cholest\u00e9rol. Le cholest\u00e9rol pr\u00e9sent dans les escargots cuits est d\u00fb aux sauces que nous pr\u00e9parons.<\/p>\n<p><strong>\u00a0<\/strong><\/p>\n<p><img loading=\"lazy\" decoding=\"async\" width=\"795\" height=\"312\" class=\"alignnone wp-image-1010 img-responsive\" src=\"http:\/\/snailtrading.com\/wp-content\/uploads\/2016\/06\/value.jpg\" alt=\"value\" srcset=\"https:\/\/snailtrading.com\/wp-content\/uploads\/2016\/06\/value.jpg 795w, https:\/\/snailtrading.com\/wp-content\/uploads\/2016\/06\/value-300x118.jpg 300w, https:\/\/snailtrading.com\/wp-content\/uploads\/2016\/06\/value-768x301.jpg 768w\" sizes=\"auto, (max-width: 795px) 100vw, 795px\" \/><\/p>\n<p>&nbsp;<\/p>\n<p><strong>\u00a0<\/strong><\/p>\n<p>&nbsp;<\/p>\n","protected":false},"excerpt":{"rendered":"<p>L\u2019escargot est un excellent mets pour les fins gourmets du monde entier. Sa valeur nutritionnelle et gastronomique est de plus en plus appr\u00e9ci\u00e9e puisqu\u2019il concentre un taux \u00e9lev\u00e9 d\u2019\u00e9l\u00e9ments nutritifs inorganiques, des acides amin\u00e9s indispensables, des acides gras b\u00e9n\u00e9fiques pour la sant\u00e9 et en plus il est peu calorique. Des \u00e9tudes r\u00e9centes consid\u00e8rent la viande&#8230;<\/p>\n","protected":false},"author":2,"featured_media":613,"parent":0,"menu_order":0,"comment_status":"closed","ping_status":"closed","template":"templates\/contact.php","meta":{"_acf_changed":false,"footnotes":""},"class_list":["post-925","page","type-page","status-publish","has-post-thumbnail","hentry"],"acf":[],"yoast_head":"<!-- This site is optimized with the Yoast SEO plugin v24.1 - https:\/\/yoast.com\/wordpress\/plugins\/seo\/ -->\n<title>Valeur nutritionnelle - Helix Aspersa Muller<\/title>\n<meta name=\"description\" content=\"L\u2019escargot est un excellent mets pour les fins gourmets du monde entier.\" \/>\n<meta name=\"robots\" content=\"index, follow, max-snippet:-1, max-image-preview:large, max-video-preview:-1\" \/>\n<link rel=\"canonical\" href=\"https:\/\/snailtrading.com\/fr\/valeur-nutritionnelle\/\" \/>\n<meta property=\"og:locale\" content=\"fr_FR\" \/>\n<meta property=\"og:type\" content=\"article\" \/>\n<meta property=\"og:title\" content=\"Valeur nutritionnelle - Helix Aspersa Muller\" \/>\n<meta property=\"og:description\" content=\"L\u2019escargot est un excellent mets pour les fins gourmets du monde entier.\" \/>\n<meta property=\"og:url\" content=\"https:\/\/snailtrading.com\/fr\/valeur-nutritionnelle\/\" \/>\n<meta property=\"og:site_name\" content=\"Snail Farming Investment\" \/>\n<meta property=\"article:modified_time\" content=\"2016-08-26T10:00:58+00:00\" \/>\n<meta property=\"og:image\" content=\"https:\/\/snailtrading.com\/wp-content\/uploads\/2015\/08\/3.jpg\" \/>\n\t<meta property=\"og:image:width\" content=\"1440\" \/>\n\t<meta property=\"og:image:height\" content=\"480\" \/>\n\t<meta property=\"og:image:type\" content=\"image\/jpeg\" \/>\n<meta name=\"twitter:card\" content=\"summary_large_image\" \/>\n<meta name=\"twitter:label1\" content=\"Dur\u00e9e de lecture estim\u00e9e\" \/>\n\t<meta name=\"twitter:data1\" content=\"3 minutes\" \/>\n<script type=\"application\/ld+json\" class=\"yoast-schema-graph\">{\"@context\":\"https:\/\/schema.org\",\"@graph\":[{\"@type\":\"WebPage\",\"@id\":\"https:\/\/snailtrading.com\/fr\/valeur-nutritionnelle\/\",\"url\":\"https:\/\/snailtrading.com\/fr\/valeur-nutritionnelle\/\",\"name\":\"Valeur nutritionnelle - Helix Aspersa Muller\",\"isPartOf\":{\"@id\":\"https:\/\/snailtrading.com\/#website\"},\"primaryImageOfPage\":{\"@id\":\"https:\/\/snailtrading.com\/fr\/valeur-nutritionnelle\/#primaryimage\"},\"image\":{\"@id\":\"https:\/\/snailtrading.com\/fr\/valeur-nutritionnelle\/#primaryimage\"},\"thumbnailUrl\":\"https:\/\/snailtrading.com\/wp-content\/uploads\/2015\/08\/3.jpg\",\"datePublished\":\"2016-06-30T13:11:13+00:00\",\"dateModified\":\"2016-08-26T10:00:58+00:00\",\"description\":\"L\u2019escargot est un excellent mets pour les fins gourmets du monde entier.\",\"breadcrumb\":{\"@id\":\"https:\/\/snailtrading.com\/fr\/valeur-nutritionnelle\/#breadcrumb\"},\"inLanguage\":\"fr-FR\",\"potentialAction\":[{\"@type\":\"ReadAction\",\"target\":[\"https:\/\/snailtrading.com\/fr\/valeur-nutritionnelle\/\"]}]},{\"@type\":\"ImageObject\",\"inLanguage\":\"fr-FR\",\"@id\":\"https:\/\/snailtrading.com\/fr\/valeur-nutritionnelle\/#primaryimage\",\"url\":\"https:\/\/snailtrading.com\/wp-content\/uploads\/2015\/08\/3.jpg\",\"contentUrl\":\"https:\/\/snailtrading.com\/wp-content\/uploads\/2015\/08\/3.jpg\",\"width\":1440,\"height\":480},{\"@type\":\"BreadcrumbList\",\"@id\":\"https:\/\/snailtrading.com\/fr\/valeur-nutritionnelle\/#breadcrumb\",\"itemListElement\":[{\"@type\":\"ListItem\",\"position\":1,\"name\":\"Home\",\"item\":\"https:\/\/snailtrading.com\/fr\/\"},{\"@type\":\"ListItem\",\"position\":2,\"name\":\"Valeur nutritionnelle\"}]},{\"@type\":\"WebSite\",\"@id\":\"https:\/\/snailtrading.com\/#website\",\"url\":\"https:\/\/snailtrading.com\/\",\"name\":\"Snail Farming Investment\",\"description\":\"Just another WordPress site\",\"potentialAction\":[{\"@type\":\"SearchAction\",\"target\":{\"@type\":\"EntryPoint\",\"urlTemplate\":\"https:\/\/snailtrading.com\/?s={search_term_string}\"},\"query-input\":{\"@type\":\"PropertyValueSpecification\",\"valueRequired\":true,\"valueName\":\"search_term_string\"}}],\"inLanguage\":\"fr-FR\"}]}<\/script>\n<!-- \/ Yoast SEO plugin. -->","yoast_head_json":{"title":"Valeur nutritionnelle - Helix Aspersa Muller","description":"L\u2019escargot est un excellent mets pour les fins gourmets du monde entier.","robots":{"index":"index","follow":"follow","max-snippet":"max-snippet:-1","max-image-preview":"max-image-preview:large","max-video-preview":"max-video-preview:-1"},"canonical":"https:\/\/snailtrading.com\/fr\/valeur-nutritionnelle\/","og_locale":"fr_FR","og_type":"article","og_title":"Valeur nutritionnelle - Helix Aspersa Muller","og_description":"L\u2019escargot est un excellent mets pour les fins gourmets du monde entier.","og_url":"https:\/\/snailtrading.com\/fr\/valeur-nutritionnelle\/","og_site_name":"Snail Farming Investment","article_modified_time":"2016-08-26T10:00:58+00:00","og_image":[{"width":1440,"height":480,"url":"https:\/\/snailtrading.com\/wp-content\/uploads\/2015\/08\/3.jpg","type":"image\/jpeg"}],"twitter_card":"summary_large_image","twitter_misc":{"Dur\u00e9e de lecture estim\u00e9e":"3 minutes"},"schema":{"@context":"https:\/\/schema.org","@graph":[{"@type":"WebPage","@id":"https:\/\/snailtrading.com\/fr\/valeur-nutritionnelle\/","url":"https:\/\/snailtrading.com\/fr\/valeur-nutritionnelle\/","name":"Valeur nutritionnelle - Helix Aspersa Muller","isPartOf":{"@id":"https:\/\/snailtrading.com\/#website"},"primaryImageOfPage":{"@id":"https:\/\/snailtrading.com\/fr\/valeur-nutritionnelle\/#primaryimage"},"image":{"@id":"https:\/\/snailtrading.com\/fr\/valeur-nutritionnelle\/#primaryimage"},"thumbnailUrl":"https:\/\/snailtrading.com\/wp-content\/uploads\/2015\/08\/3.jpg","datePublished":"2016-06-30T13:11:13+00:00","dateModified":"2016-08-26T10:00:58+00:00","description":"L\u2019escargot est un excellent mets pour les fins gourmets du monde entier.","breadcrumb":{"@id":"https:\/\/snailtrading.com\/fr\/valeur-nutritionnelle\/#breadcrumb"},"inLanguage":"fr-FR","potentialAction":[{"@type":"ReadAction","target":["https:\/\/snailtrading.com\/fr\/valeur-nutritionnelle\/"]}]},{"@type":"ImageObject","inLanguage":"fr-FR","@id":"https:\/\/snailtrading.com\/fr\/valeur-nutritionnelle\/#primaryimage","url":"https:\/\/snailtrading.com\/wp-content\/uploads\/2015\/08\/3.jpg","contentUrl":"https:\/\/snailtrading.com\/wp-content\/uploads\/2015\/08\/3.jpg","width":1440,"height":480},{"@type":"BreadcrumbList","@id":"https:\/\/snailtrading.com\/fr\/valeur-nutritionnelle\/#breadcrumb","itemListElement":[{"@type":"ListItem","position":1,"name":"Home","item":"https:\/\/snailtrading.com\/fr\/"},{"@type":"ListItem","position":2,"name":"Valeur nutritionnelle"}]},{"@type":"WebSite","@id":"https:\/\/snailtrading.com\/#website","url":"https:\/\/snailtrading.com\/","name":"Snail Farming Investment","description":"Just another WordPress site","potentialAction":[{"@type":"SearchAction","target":{"@type":"EntryPoint","urlTemplate":"https:\/\/snailtrading.com\/?s={search_term_string}"},"query-input":{"@type":"PropertyValueSpecification","valueRequired":true,"valueName":"search_term_string"}}],"inLanguage":"fr-FR"}]}},"_links":{"self":[{"href":"https:\/\/snailtrading.com\/fr\/wp-json\/wp\/v2\/pages\/925","targetHints":{"allow":["GET"]}}],"collection":[{"href":"https:\/\/snailtrading.com\/fr\/wp-json\/wp\/v2\/pages"}],"about":[{"href":"https:\/\/snailtrading.com\/fr\/wp-json\/wp\/v2\/types\/page"}],"author":[{"embeddable":true,"href":"https:\/\/snailtrading.com\/fr\/wp-json\/wp\/v2\/users\/2"}],"replies":[{"embeddable":true,"href":"https:\/\/snailtrading.com\/fr\/wp-json\/wp\/v2\/comments?post=925"}],"version-history":[{"count":0,"href":"https:\/\/snailtrading.com\/fr\/wp-json\/wp\/v2\/pages\/925\/revisions"}],"wp:featuredmedia":[{"embeddable":true,"href":"https:\/\/snailtrading.com\/fr\/wp-json\/wp\/v2\/media\/613"}],"wp:attachment":[{"href":"https:\/\/snailtrading.com\/fr\/wp-json\/wp\/v2\/media?parent=925"}],"curies":[{"name":"wp","href":"https:\/\/api.w.org\/{rel}","templated":true}]}}