{"id":929,"date":"2015-08-23T14:51:32","date_gmt":"2015-08-23T14:51:32","guid":{"rendered":"http:\/\/snailtrading.com\/fr\/snail-market\/"},"modified":"2024-06-28T10:56:45","modified_gmt":"2024-06-28T07:56:45","slug":"snail-market","status":"publish","type":"page","link":"https:\/\/snailtrading.com\/fr\/snail-market\/","title":{"rendered":"Commerce d&#8217;escargots"},"content":{"rendered":"<h1><strong>Escargots vivants \u2013 Vente\u00a0<\/strong><\/h1>\n<p><strong>Proposition A. Escargots Helix Aspersa Muller destin\u00e9s \u00e0 la consommation humaine<\/strong><\/p>\n<ul>\n<li>Quantit\u00e9 minimum de commande\u00a0: 100 kilos<\/li>\n<li>Emballage\u00a0: 20 kilos en caisses en bois<\/li>\n<li>Poids des escargots\u00a0: 8 grammes et plus<\/li>\n<li>Prix pour 100-500 kilos<\/li>\n<li>Transport : Transport a\u00e9rien F.O.B\/F.C.A<\/li>\n<li>Tous les escargots sont accompagn\u00e9s d\u2019une facture, de la liste de colisage, et d\u2019un certificat de sant\u00e9 d\u00e9livr\u00e9 par les services v\u00e9t\u00e9rinaires du pays.<\/li>\n<\/ul>\n<p><strong>Proposition B. Escargots Helix Aspersa Muller destin\u00e9s \u00e0 la consommation humaine<\/strong><\/p>\n<ul>\n<li>Quantit\u00e9 minimum de commande\u00a0: une palette de 630 kilos<\/li>\n<li>Emballage\u00a0: 15 kilos en bo\u00eetes plastiques jetables, plac\u00e9s dans des \u00ab\u00a0palettes Europe\u00a0\u00bb 80x120cm (42 bo\u00eetes X 15 kilos).<\/li>\n<li>Poids des escargots\u00a0: 8 grammes et plus<\/li>\n<li>Prix pour 630-3150 kilos<\/li>\n<li>Transport : par route ou en bateau. Les palettes avec les escargots sont dans un conteneur r\u00e9frig\u00e9r\u00e9 \u00e0 4 \u00b0C o\u00f9 l\u2019air est recycl\u00e9. F.O.B\/F.C.A<\/li>\n<li>Tous les escargots sont accompagn\u00e9s d\u2019une facture, de la liste de colisage, et d\u2019un certificat de sant\u00e9 d\u00e9livr\u00e9 par les services v\u00e9t\u00e9rinaires du pays.<\/li>\n<\/ul>\n<p><strong>Proposition C. Escargots Helix Aspersa Muller destin\u00e9s \u00e0 la consommation humaine<\/strong><\/p>\n<ul>\n<li>Quantit\u00e9 minimum de commande\u00a0: 10 palettes, 6,300 kilos<\/li>\n<li>Emballage\u00a0: 15 kilos en bo\u00eetes plastiques jetables, plac\u00e9s dans des \u00ab\u00a0palettes Europe\u00a0\u00bb 80x120cm (42 bo\u00eetes X 15 kilos).<\/li>\n<li>Poids des escargots\u00a0: 8 grammes et plus<\/li>\n<li>Prix pour 6,300 kilos<\/li>\n<li>Transport : par route ou en bateau. Les palettes avec les escargots sont dans un conteneur r\u00e9frig\u00e9r\u00e9 \u00e0 4 \u00b0C o\u00f9 l\u2019air est recycl\u00e9. F.O.B\/F.C.A<\/li>\n<li>Tous les escargots sont accompagn\u00e9s d\u2019une facture, de la liste de colisage, et d\u2019un certificat de sant\u00e9 d\u00e9livr\u00e9 par les services v\u00e9t\u00e9rinaires du pays.<\/li>\n<\/ul>\n<p><strong>Proposition D. Escargots Helix Aspersa Muller destin\u00e9s \u00e0 la consommation humaine<\/strong><\/p>\n<ul>\n<li>Quantit\u00e9 minimum de commande\u00a0: une palette de 630 kilos<\/li>\n<li>Emballage\u00a0: 15 kilos en bo\u00eetes plastiques jetables, plac\u00e9s dans des \u00ab\u00a0palettes Europe\u00a0\u00bb 80x120cm (42 bo\u00eetes X 15 kilos).<\/li>\n<li>Poids des escargots\u00a0: <strong><u>10 grammes et plus sp\u00e9ciale filet <\/u><\/strong><\/li>\n<li>Prix pour 630-3150 kilos<\/li>\n<li>Transport : par route ou en bateau. Les palettes avec les escargots sont dans un conteneur r\u00e9frig\u00e9r\u00e9 \u00e0 4 \u00b0C o\u00f9 l\u2019air est recycl\u00e9. F.O.B\/F.C.A<\/li>\n<li>D\u00e9lai de livraison\u00a0: 30 jours \u00e0 partir de la commande<\/li>\n<li>Moyen de paiement\u00a0: 50% \u00e0 la commande et 50% par Telex Release<\/li>\n<li>Tous les escargots sont accompagn\u00e9s d\u2019une facture, de la liste de colisage, et d\u2019un certificat de sant\u00e9 d\u00e9livr\u00e9 par les services v\u00e9t\u00e9rinaires du pays.<\/li>\n<\/ul>\n<p><strong>Proposition E. Escargots Helix Aspersa Muller destin\u00e9s \u00e0 la reproduction (des m\u00e8res).<\/strong><\/p>\n<ul>\n<li>Quantit\u00e9 minimum de commande\u00a0: une palette de 630 kilos<\/li>\n<li>Emballage\u00a0: 15 kilos en bo\u00eetes plastiques jetables, plac\u00e9s dans des \u00ab\u00a0palettes Europe\u00a0\u00bb 80x120cm (42 bo\u00eetes X 15 kilos).<\/li>\n<li>Poids des escargots\u00a0: 8 grammes et plus, sp\u00e9ciales reproduction<\/li>\n<li>Prix \u00e0 partir de 630 kilos<\/li>\n<li>Transport : par route ou en bateau. Les palettes avec les escargots sont dans un conteneur r\u00e9frig\u00e9r\u00e9 \u00e0 4 \u00b0C o\u00f9 l\u2019air est recycl\u00e9. F.O.B\/F.C.A<\/li>\n<li>D\u00e9lai de livraison\u00a0: 30 jours \u00e0 partir de la commande<\/li>\n<li>Moyen de paiement\u00a0: 50% \u00e0 la commande et 50% \u00e0 la r\u00e9ception du Telex Release<\/li>\n<li>Tous les escargots sont accompagn\u00e9s d\u2019une facture, de la liste de colisage, et d\u2019un certificat de sant\u00e9 d\u00e9livr\u00e9 par les services v\u00e9t\u00e9rinaires du pays.<\/li>\n<\/ul>\n<div class=\"wpzet-gallery-container\" id=\"wpzet-gallery-container-1\"><ul class=\"list-unstyled list-inline wpzet-gallery\"><li data-columns=\"5\" data-src=\"http:\/\/snailtrading.com\/wp-content\/uploads\/2015\/08\/47\u0397-\u03c3\u03c4\u03ad\u03b3\u03bd\u03c9\u03c3\u03b7-\u03c4\u03c9\u03bd-\u03c3\u03b1\u03bb\u03b9\u03b3\u03ba\u03b1\u03c1\u03b9\u03ce\u03bd-1600x1200.jpg\" style=\"width:19%\"><a href=\"http:\/\/snailtrading.com\/wp-content\/uploads\/2015\/08\/47\u0397-\u03c3\u03c4\u03ad\u03b3\u03bd\u03c9\u03c3\u03b7-\u03c4\u03c9\u03bd-\u03c3\u03b1\u03bb\u03b9\u03b3\u03ba\u03b1\u03c1\u03b9\u03ce\u03bd-1600x1200.jpg\" data-rel=\"lightbox-image-bGlnaHRib3gtZ2FsbGVyeS0x\" data-rl_title=\"\" data-rl_caption=\"\" title=\"\"><img decoding=\"async\" src=\"https:\/\/snailtrading.com\/wp-content\/uploads\/2015\/08\/47\u0397-\u03c3\u03c4\u03ad\u03b3\u03bd\u03c9\u03c3\u03b7-\u03c4\u03c9\u03bd-\u03c3\u03b1\u03bb\u03b9\u03b3\u03ba\u03b1\u03c1\u03b9\u03ce\u03bd-1600x1200-150x150.jpg\" class=\"img-responsive\" alt=\"\" \/><\/a><\/li><li data-columns=\"5\" data-src=\"http:\/\/snailtrading.com\/wp-content\/uploads\/2015\/08\/52\u0397-\u0397-\u03c4\u03bf\u03c0\u03bf\u03b8\u03b5\u03c4\u03ae\u03c3\u03b5\u03b9-\u03c3\u03b5-\u03c0\u03bb\u03b1\u03c3\u03c4\u03b9\u03ba\u03ac-\u03ba\u03b9\u03b2\u03ce\u03c4\u03b9\u03b1-\u03b3\u03b9\u03b1-\u03c4\u03b7\u03bd-\u03b1\u03b3\u03bf\u03c1\u03ac-1024x768-1024x768.jpg\" style=\"width:19%\"><a href=\"http:\/\/snailtrading.com\/wp-content\/uploads\/2015\/08\/52\u0397-\u0397-\u03c4\u03bf\u03c0\u03bf\u03b8\u03b5\u03c4\u03ae\u03c3\u03b5\u03b9-\u03c3\u03b5-\u03c0\u03bb\u03b1\u03c3\u03c4\u03b9\u03ba\u03ac-\u03ba\u03b9\u03b2\u03ce\u03c4\u03b9\u03b1-\u03b3\u03b9\u03b1-\u03c4\u03b7\u03bd-\u03b1\u03b3\u03bf\u03c1\u03ac-1024x768-1024x768.jpg\" data-rel=\"lightbox-image-bGlnaHRib3gtZ2FsbGVyeS0x\" data-rl_title=\"\" data-rl_caption=\"\" title=\"\"><img decoding=\"async\" src=\"https:\/\/snailtrading.com\/wp-content\/uploads\/2015\/08\/52\u0397-\u0397-\u03c4\u03bf\u03c0\u03bf\u03b8\u03b5\u03c4\u03ae\u03c3\u03b5\u03b9-\u03c3\u03b5-\u03c0\u03bb\u03b1\u03c3\u03c4\u03b9\u03ba\u03ac-\u03ba\u03b9\u03b2\u03ce\u03c4\u03b9\u03b1-\u03b3\u03b9\u03b1-\u03c4\u03b7\u03bd-\u03b1\u03b3\u03bf\u03c1\u03ac-1024x768-1024x768-150x150.jpg\" class=\"img-responsive\" alt=\"\" \/><\/a><\/li><li data-columns=\"5\" data-src=\"http:\/\/snailtrading.com\/wp-content\/uploads\/2015\/08\/3-Copy.jpg\" style=\"width:19%\"><a href=\"http:\/\/snailtrading.com\/wp-content\/uploads\/2015\/08\/3-Copy.jpg\" data-rel=\"lightbox-image-bGlnaHRib3gtZ2FsbGVyeS0x\" data-rl_title=\"\" data-rl_caption=\"\" title=\"\"><img decoding=\"async\" src=\"https:\/\/snailtrading.com\/wp-content\/uploads\/2015\/08\/3-Copy-150x150.jpg\" class=\"img-responsive\" alt=\"\" \/><\/a><\/li><li data-columns=\"5\" data-src=\"http:\/\/snailtrading.com\/wp-content\/uploads\/2015\/08\/1-1.jpg\" style=\"width:19%\"><a href=\"http:\/\/snailtrading.com\/wp-content\/uploads\/2015\/08\/1-1.jpg\" data-rel=\"lightbox-image-bGlnaHRib3gtZ2FsbGVyeS0x\" data-rl_title=\"\" data-rl_caption=\"\" title=\"\"><img decoding=\"async\" src=\"https:\/\/snailtrading.com\/wp-content\/uploads\/2015\/08\/1-1-150x150.jpg\" class=\"img-responsive\" alt=\"\" \/><\/a><\/li><li data-columns=\"5\" data-src=\"http:\/\/snailtrading.com\/wp-content\/uploads\/2015\/08\/IMG-20130829-00603-800x600.jpg\" style=\"width:19%\"><a href=\"http:\/\/snailtrading.com\/wp-content\/uploads\/2015\/08\/IMG-20130829-00603-800x600.jpg\" data-rel=\"lightbox-image-bGlnaHRib3gtZ2FsbGVyeS0x\" data-rl_title=\"\" data-rl_caption=\"\" title=\"\"><img decoding=\"async\" src=\"https:\/\/snailtrading.com\/wp-content\/uploads\/2015\/08\/IMG-20130829-00603-800x600-150x150.jpg\" class=\"img-responsive\" alt=\"\" \/><\/a><\/li><\/ul><\/div>\n<p><strong>Explications\u00a0:<\/strong><\/p>\n<p><strong>Telex Release\u00a0: <\/strong>Le Telex Release est tout simplement un message envoy\u00e9 par la compagnie maritime ou un agent du port de chargement \u00e0 leur bureau ou \u00e0 un agent du port de d\u00e9chargement indiquant que l\u2019exp\u00e9diteur ou l\u2019exportateur en a livr\u00e9 un ou tous les connaissements originaux \u00e9mis \u00e0 leur nom, et que la cargaison peut \u00eatre livr\u00e9e \u00e0 la personne figurant sur le connaissement sans avoir \u00e0 pr\u00e9senter le connaissement original.<\/p>\n<p><strong>F.O.B\u00a0: <\/strong>Free On Board (FOB) indique que le fournisseur paie les frais de transport \u00e0 un endroit d\u00e9fini et que l\u2019acheteur prend la responsabilit\u00e9 d\u2019y r\u00e9gler les frais de transport ainsi que les frais de d\u00e9douanement.<\/p>\n<p>Free On Board (FOB) signifie que le vendeur a rempli son obligation de livraison une fois que les marchandises \u00e0 bord du navire arrivent au port d\u2019embarquement choisi et que l\u2019acheteur doit assumer \u00e0 partir de ce point le risque de perte ou de d\u00e9t\u00e9rioration de la marchandise ainsi que tous les autres co\u00fbts et frais de d\u00e9douanement.<\/p>\n<h1><strong>Escargots vivants \u2013 pr\u00e9paration<\/strong><\/h1>\n<p>Les escargots que nous disposons au march\u00e9 viennent des \u00e9levages de production de Touchstone Snails ou de ses collaborateurs qui sont sous contrat et qui subissent un contr\u00f4le strict de la part de Touchstone Snails afin de respecter des normes de qualit\u00e9 \u00e9lev\u00e9es.<\/p>\n<p>Les conditions id\u00e9ales de production, l\u2019excellent r\u00e9gime alimentaire ainsi que le climat m\u00e9diterran\u00e9en garantissent une qualit\u00e9 exceptionnelle aux escargots Helix Aspersa Muller que nous disposons.<\/p>\n<p><img loading=\"lazy\" decoding=\"async\" width=\"1024\" height=\"680\" class=\"aligncenter wp-image-536 img-responsive\" src=\"http:\/\/snailtrading.com\/wp-content\/uploads\/2015\/08\/28\u0397-\u03a4\u03bf\u03c0\u03bf\u03b8\u03ad\u03c4\u03b7\u03c3\u03b7-\u03c3\u03b5-\u03b4\u03af\u03ba\u03c4\u03c5-Copy-1024x680.jpg\" alt=\"28\u0397 \u03a4\u03bf\u03c0\u03bf\u03b8\u03ad\u03c4\u03b7\u03c3\u03b7 \u03c3\u03b5 \u03b4\u03af\u03ba\u03c4\u03c5\" srcset=\"https:\/\/snailtrading.com\/wp-content\/uploads\/2015\/08\/28\u0397-\u03a4\u03bf\u03c0\u03bf\u03b8\u03ad\u03c4\u03b7\u03c3\u03b7-\u03c3\u03b5-\u03b4\u03af\u03ba\u03c4\u03c5-Copy-1024x680.jpg 1024w, https:\/\/snailtrading.com\/wp-content\/uploads\/2015\/08\/28\u0397-\u03a4\u03bf\u03c0\u03bf\u03b8\u03ad\u03c4\u03b7\u03c3\u03b7-\u03c3\u03b5-\u03b4\u03af\u03ba\u03c4\u03c5-Copy-300x199.jpg 300w, https:\/\/snailtrading.com\/wp-content\/uploads\/2015\/08\/28\u0397-\u03a4\u03bf\u03c0\u03bf\u03b8\u03ad\u03c4\u03b7\u03c3\u03b7-\u03c3\u03b5-\u03b4\u03af\u03ba\u03c4\u03c5-Copy-768x510.jpg 768w, https:\/\/snailtrading.com\/wp-content\/uploads\/2015\/08\/28\u0397-\u03a4\u03bf\u03c0\u03bf\u03b8\u03ad\u03c4\u03b7\u03c3\u03b7-\u03c3\u03b5-\u03b4\u03af\u03ba\u03c4\u03c5-Copy.jpg 1626w\" sizes=\"auto, (max-width: 1024px) 100vw, 1024px\" \/><\/p>\n<p>Lorsque les escargots arrivent \u00e0 maturit\u00e9 et poss\u00e8dent les caract\u00e9ristiques propres d\u2019un adulte, ils sont m\u00e9ticuleusement ramass\u00e9s et passent par le processus de s\u00e9chage qui va permettre d\u2019\u00e9liminer l\u2019humidit\u00e9 et les r\u00e9sidus alimentaires. Une machine sp\u00e9ciale proc\u00e8de ensuite au tri et ils sont tri\u00e9s par rapport \u00e0 leur taille. Enfin ils sont emball\u00e9s dans des filets alimentaires sp\u00e9cialement con\u00e7us, avant d\u2019\u00eatre plac\u00e9s dans des bo\u00eetes en plastique ou des caisses en bois, selon le mode de transport, et sont ainsi pr\u00eats \u00e0 \u00eatre envoy\u00e9s au march\u00e9.<\/p>\n<p><img loading=\"lazy\" decoding=\"async\" width=\"1024\" height=\"768\" class=\"aligncenter wp-image-628 img-responsive\" src=\"http:\/\/snailtrading.com\/wp-content\/uploads\/2015\/08\/16-1024x768.jpg\" alt=\"16\" srcset=\"https:\/\/snailtrading.com\/wp-content\/uploads\/2015\/08\/16-1024x768.jpg 1024w, https:\/\/snailtrading.com\/wp-content\/uploads\/2015\/08\/16-300x225.jpg 300w, https:\/\/snailtrading.com\/wp-content\/uploads\/2015\/08\/16-768x576.jpg 768w\" sizes=\"auto, (max-width: 1024px) 100vw, 1024px\" \/><\/p>\n","protected":false},"excerpt":{"rendered":"<p>Escargots vivants \u2013 Vente\u00a0 Proposition A. Escargots Helix Aspersa Muller destin\u00e9s \u00e0 la consommation humaine Quantit\u00e9 minimum de commande\u00a0: 100 kilos Emballage\u00a0: 20 kilos en caisses en bois Poids des escargots\u00a0: 8 grammes et plus Prix pour 100-500 kilos Transport : Transport a\u00e9rien F.O.B\/F.C.A Tous les escargots sont accompagn\u00e9s d\u2019une facture, de la liste de&#8230;<\/p>\n","protected":false},"author":2,"featured_media":654,"parent":0,"menu_order":0,"comment_status":"closed","ping_status":"closed","template":"templates\/contact.php","meta":{"_acf_changed":false,"footnotes":""},"class_list":["post-929","page","type-page","status-publish","has-post-thumbnail","hentry"],"acf":[],"yoast_head":"<!-- This site is optimized with the Yoast SEO plugin v24.1 - https:\/\/yoast.com\/wordpress\/plugins\/seo\/ -->\n<title>Snail Market -\u00a0Commercialisation des escargots<\/title>\n<meta name=\"description\" content=\"Les escargots que nous disposons au march\u00e9 viennent des \u00e9levages de production de Touchstone Snails\" \/>\n<meta name=\"robots\" content=\"index, follow, max-snippet:-1, max-image-preview:large, max-video-preview:-1\" \/>\n<link rel=\"canonical\" href=\"https:\/\/snailtrading.com\/fr\/snail-market\/\" \/>\n<meta property=\"og:locale\" content=\"fr_FR\" \/>\n<meta property=\"og:type\" content=\"article\" \/>\n<meta property=\"og:title\" content=\"Snail Market -\u00a0Commercialisation des escargots\" \/>\n<meta property=\"og:description\" content=\"Les escargots que nous disposons au march\u00e9 viennent des \u00e9levages de production de Touchstone Snails\" \/>\n<meta property=\"og:url\" content=\"https:\/\/snailtrading.com\/fr\/snail-market\/\" \/>\n<meta property=\"og:site_name\" content=\"Snail Farming Investment\" \/>\n<meta property=\"article:modified_time\" content=\"2024-06-28T07:56:45+00:00\" \/>\n<meta property=\"og:image\" content=\"https:\/\/snailtrading.com\/wp-content\/uploads\/2015\/08\/9.jpg\" \/>\n\t<meta property=\"og:image:width\" content=\"1440\" \/>\n\t<meta property=\"og:image:height\" content=\"480\" \/>\n\t<meta property=\"og:image:type\" content=\"image\/jpeg\" \/>\n<meta name=\"twitter:card\" content=\"summary_large_image\" \/>\n<meta name=\"twitter:label1\" content=\"Dur\u00e9e de lecture estim\u00e9e\" \/>\n\t<meta name=\"twitter:data1\" content=\"6 minutes\" \/>\n<script type=\"application\/ld+json\" class=\"yoast-schema-graph\">{\"@context\":\"https:\/\/schema.org\",\"@graph\":[{\"@type\":\"WebPage\",\"@id\":\"https:\/\/snailtrading.com\/fr\/snail-market\/\",\"url\":\"https:\/\/snailtrading.com\/fr\/snail-market\/\",\"name\":\"Snail Market -\u00a0Commercialisation des escargots\",\"isPartOf\":{\"@id\":\"https:\/\/snailtrading.com\/#website\"},\"primaryImageOfPage\":{\"@id\":\"https:\/\/snailtrading.com\/fr\/snail-market\/#primaryimage\"},\"image\":{\"@id\":\"https:\/\/snailtrading.com\/fr\/snail-market\/#primaryimage\"},\"thumbnailUrl\":\"https:\/\/snailtrading.com\/wp-content\/uploads\/2015\/08\/9.jpg\",\"datePublished\":\"2015-08-23T14:51:32+00:00\",\"dateModified\":\"2024-06-28T07:56:45+00:00\",\"description\":\"Les escargots que nous disposons au march\u00e9 viennent des \u00e9levages de production de Touchstone Snails\",\"breadcrumb\":{\"@id\":\"https:\/\/snailtrading.com\/fr\/snail-market\/#breadcrumb\"},\"inLanguage\":\"fr-FR\",\"potentialAction\":[{\"@type\":\"ReadAction\",\"target\":[\"https:\/\/snailtrading.com\/fr\/snail-market\/\"]}]},{\"@type\":\"ImageObject\",\"inLanguage\":\"fr-FR\",\"@id\":\"https:\/\/snailtrading.com\/fr\/snail-market\/#primaryimage\",\"url\":\"https:\/\/snailtrading.com\/wp-content\/uploads\/2015\/08\/9.jpg\",\"contentUrl\":\"https:\/\/snailtrading.com\/wp-content\/uploads\/2015\/08\/9.jpg\",\"width\":1440,\"height\":480},{\"@type\":\"BreadcrumbList\",\"@id\":\"https:\/\/snailtrading.com\/fr\/snail-market\/#breadcrumb\",\"itemListElement\":[{\"@type\":\"ListItem\",\"position\":1,\"name\":\"Home\",\"item\":\"https:\/\/snailtrading.com\/fr\/\"},{\"@type\":\"ListItem\",\"position\":2,\"name\":\"Commerce d&#8217;escargots\"}]},{\"@type\":\"WebSite\",\"@id\":\"https:\/\/snailtrading.com\/#website\",\"url\":\"https:\/\/snailtrading.com\/\",\"name\":\"Snail Farming Investment\",\"description\":\"Just another WordPress site\",\"potentialAction\":[{\"@type\":\"SearchAction\",\"target\":{\"@type\":\"EntryPoint\",\"urlTemplate\":\"https:\/\/snailtrading.com\/?s={search_term_string}\"},\"query-input\":{\"@type\":\"PropertyValueSpecification\",\"valueRequired\":true,\"valueName\":\"search_term_string\"}}],\"inLanguage\":\"fr-FR\"}]}<\/script>\n<!-- \/ Yoast SEO plugin. -->","yoast_head_json":{"title":"Snail Market -\u00a0Commercialisation des escargots","description":"Les escargots que nous disposons au march\u00e9 viennent des \u00e9levages de production de Touchstone Snails","robots":{"index":"index","follow":"follow","max-snippet":"max-snippet:-1","max-image-preview":"max-image-preview:large","max-video-preview":"max-video-preview:-1"},"canonical":"https:\/\/snailtrading.com\/fr\/snail-market\/","og_locale":"fr_FR","og_type":"article","og_title":"Snail Market -\u00a0Commercialisation des escargots","og_description":"Les escargots que nous disposons au march\u00e9 viennent des \u00e9levages de production de Touchstone Snails","og_url":"https:\/\/snailtrading.com\/fr\/snail-market\/","og_site_name":"Snail Farming Investment","article_modified_time":"2024-06-28T07:56:45+00:00","og_image":[{"width":1440,"height":480,"url":"https:\/\/snailtrading.com\/wp-content\/uploads\/2015\/08\/9.jpg","type":"image\/jpeg"}],"twitter_card":"summary_large_image","twitter_misc":{"Dur\u00e9e de lecture estim\u00e9e":"6 minutes"},"schema":{"@context":"https:\/\/schema.org","@graph":[{"@type":"WebPage","@id":"https:\/\/snailtrading.com\/fr\/snail-market\/","url":"https:\/\/snailtrading.com\/fr\/snail-market\/","name":"Snail Market -\u00a0Commercialisation des escargots","isPartOf":{"@id":"https:\/\/snailtrading.com\/#website"},"primaryImageOfPage":{"@id":"https:\/\/snailtrading.com\/fr\/snail-market\/#primaryimage"},"image":{"@id":"https:\/\/snailtrading.com\/fr\/snail-market\/#primaryimage"},"thumbnailUrl":"https:\/\/snailtrading.com\/wp-content\/uploads\/2015\/08\/9.jpg","datePublished":"2015-08-23T14:51:32+00:00","dateModified":"2024-06-28T07:56:45+00:00","description":"Les escargots que nous disposons au march\u00e9 viennent des \u00e9levages de production de Touchstone Snails","breadcrumb":{"@id":"https:\/\/snailtrading.com\/fr\/snail-market\/#breadcrumb"},"inLanguage":"fr-FR","potentialAction":[{"@type":"ReadAction","target":["https:\/\/snailtrading.com\/fr\/snail-market\/"]}]},{"@type":"ImageObject","inLanguage":"fr-FR","@id":"https:\/\/snailtrading.com\/fr\/snail-market\/#primaryimage","url":"https:\/\/snailtrading.com\/wp-content\/uploads\/2015\/08\/9.jpg","contentUrl":"https:\/\/snailtrading.com\/wp-content\/uploads\/2015\/08\/9.jpg","width":1440,"height":480},{"@type":"BreadcrumbList","@id":"https:\/\/snailtrading.com\/fr\/snail-market\/#breadcrumb","itemListElement":[{"@type":"ListItem","position":1,"name":"Home","item":"https:\/\/snailtrading.com\/fr\/"},{"@type":"ListItem","position":2,"name":"Commerce d&#8217;escargots"}]},{"@type":"WebSite","@id":"https:\/\/snailtrading.com\/#website","url":"https:\/\/snailtrading.com\/","name":"Snail Farming Investment","description":"Just another WordPress site","potentialAction":[{"@type":"SearchAction","target":{"@type":"EntryPoint","urlTemplate":"https:\/\/snailtrading.com\/?s={search_term_string}"},"query-input":{"@type":"PropertyValueSpecification","valueRequired":true,"valueName":"search_term_string"}}],"inLanguage":"fr-FR"}]}},"_links":{"self":[{"href":"https:\/\/snailtrading.com\/fr\/wp-json\/wp\/v2\/pages\/929","targetHints":{"allow":["GET"]}}],"collection":[{"href":"https:\/\/snailtrading.com\/fr\/wp-json\/wp\/v2\/pages"}],"about":[{"href":"https:\/\/snailtrading.com\/fr\/wp-json\/wp\/v2\/types\/page"}],"author":[{"embeddable":true,"href":"https:\/\/snailtrading.com\/fr\/wp-json\/wp\/v2\/users\/2"}],"replies":[{"embeddable":true,"href":"https:\/\/snailtrading.com\/fr\/wp-json\/wp\/v2\/comments?post=929"}],"version-history":[{"count":2,"href":"https:\/\/snailtrading.com\/fr\/wp-json\/wp\/v2\/pages\/929\/revisions"}],"predecessor-version":[{"id":1889,"href":"https:\/\/snailtrading.com\/fr\/wp-json\/wp\/v2\/pages\/929\/revisions\/1889"}],"wp:featuredmedia":[{"embeddable":true,"href":"https:\/\/snailtrading.com\/fr\/wp-json\/wp\/v2\/media\/654"}],"wp:attachment":[{"href":"https:\/\/snailtrading.com\/fr\/wp-json\/wp\/v2\/media?parent=929"}],"curies":[{"name":"wp","href":"https:\/\/api.w.org\/{rel}","templated":true}]}}